{"id":497,"date":"2018-02-06T17:18:26","date_gmt":"2018-02-06T17:18:26","guid":{"rendered":"http:\/\/hur.bardoux-online.de\/firma"},"modified":"2020-12-16T16:12:17","modified_gmt":"2020-12-16T15:12:17","slug":"firma","status":"publish","type":"page","link":"https:\/\/hempel-ruelcker.de\/home\/firma\/","title":{"rendered":"Firma"},"content":{"rendered":"\n<h3 class=\"has-text-align-left\">\u00dcber uns<\/h3>\n\n\n\n<h4 class=\"has-text-align-left\">In einer global vernetzten Wirtschaft \u2013 wie wir sie heute in den Industriestaaten vorfinden \u2013 werden Waren und Dienstleistungen f\u00fcr alle erdenklichen Bed\u00fcrfnisse angeboten und gehandelt. Der Kunde muss in der Regel aus einer Vielzahl von Bewerbern den f\u00fcr seine Bed\u00fcrfnisse passenden Anbieter herausfinden.<\/h4>\n\n\n\n<h4 class=\"has-text-align-left\">Obwohl die Kommunikation im Vorfeld einer Handelseinigung sowie oft auch w\u00e4hrend der Ausf\u00fchrung der vereinbarten Leistungen zunehmend \u00fcber hochmoderne Kommunikationswege abgewickelt wird; das Ordern von Waren und der Transport oftmals maschinell automatisiert ohne eigentlichen \u201eBlickkontakt\u201c von statten geht, haben die traditionellen Werte wie Seriosit\u00e4t eines Gesch\u00e4ftspartners, Zuverl\u00e4ssigkeit und P\u00fcnktlichkeit sowie Qualit\u00e4tsbewusstsein eine nicht nachlassende Bedeutung.<\/h4>\n\n\n\n<h4 class=\"has-text-align-left\">Die Firma Hempel &amp; R\u00fclcker stellt sich in ihrem Leistungssegment als Partner, der sich diese Wertanspr\u00fcche als Ma\u00dfstab des Handelns setzt.<\/h4>\n\n\n\n<h4 class=\"has-text-align-left\">Wir verkaufen keine \u201eStangenware\u201c, sondern fertigen individuelle L\u00f6sungen nach den Bed\u00fcrfnissen unseres Kunden.<br>Daf\u00fcr setzen wir unsere langj\u00e4hrigen Erfahrungen sowie die Fachkompetenz unserer Mitarbeiter ein.<\/h4>\n","protected":false},"excerpt":{"rendered":"<p>\u00dcber uns In einer global vernetzten Wirtschaft \u2013 wie wir sie heute in den Industriestaaten vorfinden \u2013 werden Waren und Dienstleistungen f\u00fcr alle erdenklichen Bed\u00fcrfnisse angeboten und gehandelt. Der Kunde muss in der Regel aus einer Vielzahl von Bewerbern den f\u00fcr seine Bed\u00fcrfnisse passenden Anbieter herausfinden. Obwohl die Kommunikation im Vorfeld einer Handelseinigung sowie oft [&hellip;]<\/p>\n","protected":false},"author":1,"featured_media":0,"parent":0,"menu_order":2,"comment_status":"closed","ping_status":"closed","template":"","meta":{"ngg_post_thumbnail":0},"_links":{"self":[{"href":"https:\/\/hempel-ruelcker.de\/home\/wp-json\/wp\/v2\/pages\/497"}],"collection":[{"href":"https:\/\/hempel-ruelcker.de\/home\/wp-json\/wp\/v2\/pages"}],"about":[{"href":"https:\/\/hempel-ruelcker.de\/home\/wp-json\/wp\/v2\/types\/page"}],"author":[{"embeddable":true,"href":"https:\/\/hempel-ruelcker.de\/home\/wp-json\/wp\/v2\/users\/1"}],"replies":[{"embeddable":true,"href":"https:\/\/hempel-ruelcker.de\/home\/wp-json\/wp\/v2\/comments?post=497"}],"version-history":[{"count":19,"href":"https:\/\/hempel-ruelcker.de\/home\/wp-json\/wp\/v2\/pages\/497\/revisions"}],"predecessor-version":[{"id":1407,"href":"https:\/\/hempel-ruelcker.de\/home\/wp-json\/wp\/v2\/pages\/497\/revisions\/1407"}],"wp:attachment":[{"href":"https:\/\/hempel-ruelcker.de\/home\/wp-json\/wp\/v2\/media?parent=497"}],"curies":[{"name":"wp","href":"https:\/\/api.w.org\/{rel}","templated":true}]}}