{"id":508,"date":"2018-02-06T17:18:37","date_gmt":"2018-02-06T17:18:37","guid":{"rendered":"http:\/\/hur.bardoux-online.de\/referenzen\/gebaude"},"modified":"2020-12-16T16:57:04","modified_gmt":"2020-12-16T15:57:04","slug":"gebaude","status":"publish","type":"page","link":"https:\/\/hempel-ruelcker.de\/home\/referenzen\/gebaude\/","title":{"rendered":"Geb\u00e4ude"},"content":{"rendered":"\n<div class=\"is-layout-flex wp-container-4 wp-block-columns\">\n<div class=\"is-layout-flow wp-block-column\">\n<p class=\"has-text-align-left\">Bay-Wa-Markt Wei\u00dfig<br>LVA Dresden<br>Hygieneinstitut Cottbus<br>Uni-Data-Spedition<br>Leubnitzer H\u00f6he<br>Zoo Dresden GmbH<br>Flughafen Wien<br>Frauenkirche Dresden<br>Landesuntersuchungsanstalt<br>St\u00e4ndehaus Dresden<br>NBV\/UGA GmbH<br>Landeskriminalamt Sachsen<br>Universit\u00e4tsklinikum Dresden<br>Bergbr\u00e4u Arzberg<br>Max-Art Center<br>Bertolt-Brecht-Gymnasium<br>Krankenhaus Bautzen<br>Bundeswehrkrankenhaus<\/p>\n<\/div>\n\n\n\n<div class=\"is-layout-flow wp-block-column\">\n<p class=\"has-text-align-left\">Dresden\/Wei\u00dfig<br>Dresden<br>Cottbus<br>Dresden<br>Dresden<br>Dresden<br>Schwechat (A)<br>Dresden<br>Dresden<br>Dresden<br>Straelen-Herongen<br>Dresden<br>Dresden<br>Arzberg<br>Dresden<br>Dresden<br>Bautzen<br>Amberg<\/p>\n<\/div>\n\n\n\n<div class=\"is-layout-flow wp-block-column\"><\/div>\n<\/div>\n","protected":false},"excerpt":{"rendered":"<p>Bay-Wa-Markt Wei\u00dfigLVA DresdenHygieneinstitut CottbusUni-Data-SpeditionLeubnitzer H\u00f6heZoo Dresden GmbHFlughafen WienFrauenkirche DresdenLandesuntersuchungsanstaltSt\u00e4ndehaus DresdenNBV\/UGA GmbHLandeskriminalamt SachsenUniversit\u00e4tsklinikum DresdenBergbr\u00e4u ArzbergMax-Art CenterBertolt-Brecht-GymnasiumKrankenhaus BautzenBundeswehrkrankenhaus Dresden\/Wei\u00dfigDresdenCottbusDresdenDresdenDresdenSchwechat (A)DresdenDresdenDresdenStraelen-HerongenDresdenDresdenArzbergDresdenDresdenBautzenAmberg<\/p>\n","protected":false},"author":1,"featured_media":0,"parent":507,"menu_order":13,"comment_status":"closed","ping_status":"closed","template":"","meta":{"ngg_post_thumbnail":0},"_links":{"self":[{"href":"https:\/\/hempel-ruelcker.de\/home\/wp-json\/wp\/v2\/pages\/508"}],"collection":[{"href":"https:\/\/hempel-ruelcker.de\/home\/wp-json\/wp\/v2\/pages"}],"about":[{"href":"https:\/\/hempel-ruelcker.de\/home\/wp-json\/wp\/v2\/types\/page"}],"author":[{"embeddable":true,"href":"https:\/\/hempel-ruelcker.de\/home\/wp-json\/wp\/v2\/users\/1"}],"replies":[{"embeddable":true,"href":"https:\/\/hempel-ruelcker.de\/home\/wp-json\/wp\/v2\/comments?post=508"}],"version-history":[{"count":2,"href":"https:\/\/hempel-ruelcker.de\/home\/wp-json\/wp\/v2\/pages\/508\/revisions"}],"predecessor-version":[{"id":1372,"href":"https:\/\/hempel-ruelcker.de\/home\/wp-json\/wp\/v2\/pages\/508\/revisions\/1372"}],"up":[{"embeddable":true,"href":"https:\/\/hempel-ruelcker.de\/home\/wp-json\/wp\/v2\/pages\/507"}],"wp:attachment":[{"href":"https:\/\/hempel-ruelcker.de\/home\/wp-json\/wp\/v2\/media?parent=508"}],"curies":[{"name":"wp","href":"https:\/\/api.w.org\/{rel}","templated":true}]}}