{"id":516,"date":"2018-02-06T17:18:45","date_gmt":"2018-02-06T17:18:45","guid":{"rendered":"http:\/\/hur.bardoux-online.de\/kontakt"},"modified":"2020-12-16T16:58:40","modified_gmt":"2020-12-16T15:58:40","slug":"kontakt","status":"publish","type":"page","link":"https:\/\/hempel-ruelcker.de\/home\/kontakt\/","title":{"rendered":"Kontakt"},"content":{"rendered":"\n<p class=\"has-text-align-left\">hempel + r\u00fclcker<br>Gesellschaft f\u00fcr elektronische Klimaregelsysteme mbH<\/p>\n\n\n\n<p class=\"has-text-align-left\">An der Prie\u00dfnitzaue 10<br>D- 01328 Dresden<\/p>\n\n\n\n<p class=\"has-text-align-left\">Telefon: 0351 \/ 27176-0<br>Telefax: 0351 \/ 27176-50<\/p>\n\n\n\n<p class=\"has-text-align-left\">Email:&nbsp;<a>info(at)hempel-ruelcker.de<\/a><\/p>\n\n\n\n<figure class=\"wp-block-image size-large is-resized\"><a href=\"https:\/\/hempel-ruelcker.de\/wp-content\/uploads\/2018\/05\/Datenschutzerkl%C3%A4rung-DSGVO-2018-WEB-Seite.pdf\" target=\"_blank\" rel=\"noopener\"><img decoding=\"async\" loading=\"lazy\" src=\"https:\/\/hempel-ruelcker.de\/wp-content\/uploads\/2018\/05\/Download.png\" alt=\"\" class=\"wp-image-1222\" width=\"53\" height=\"53\" srcset=\"https:\/\/hempel-ruelcker.de\/wp-content\/uploads\/2018\/05\/Download.png 225w, https:\/\/hempel-ruelcker.de\/wp-content\/uploads\/2018\/05\/Download-150x150.png 150w\" sizes=\"(max-width: 53px) 100vw, 53px\" \/><\/a><figcaption><a href=\"https:\/\/hempel-ruelcker.de\/wp-content\/uploads\/2018\/05\/Datenschutzerkl%C3%A4rung-DSGVO-2018-WEB-Seite.pdf\" target=\"_blank\" rel=\"noreferrer noopener\">Datenschutzerkl\u00e4rung nach DSGVO<\/a><\/figcaption><\/figure>\n\n\n\n<p><\/p>\n","protected":false},"excerpt":{"rendered":"<p>hempel + r\u00fclckerGesellschaft f\u00fcr elektronische Klimaregelsysteme mbH An der Prie\u00dfnitzaue 10D- 01328 Dresden Telefon: 0351 \/ 27176-0Telefax: 0351 \/ 27176-50 Email:&nbsp;info(at)hempel-ruelcker.de<\/p>\n","protected":false},"author":1,"featured_media":0,"parent":0,"menu_order":21,"comment_status":"closed","ping_status":"closed","template":"","meta":{"ngg_post_thumbnail":0},"_links":{"self":[{"href":"https:\/\/hempel-ruelcker.de\/home\/wp-json\/wp\/v2\/pages\/516"}],"collection":[{"href":"https:\/\/hempel-ruelcker.de\/home\/wp-json\/wp\/v2\/pages"}],"about":[{"href":"https:\/\/hempel-ruelcker.de\/home\/wp-json\/wp\/v2\/types\/page"}],"author":[{"embeddable":true,"href":"https:\/\/hempel-ruelcker.de\/home\/wp-json\/wp\/v2\/users\/1"}],"replies":[{"embeddable":true,"href":"https:\/\/hempel-ruelcker.de\/home\/wp-json\/wp\/v2\/comments?post=516"}],"version-history":[{"count":12,"href":"https:\/\/hempel-ruelcker.de\/home\/wp-json\/wp\/v2\/pages\/516\/revisions"}],"predecessor-version":[{"id":1417,"href":"https:\/\/hempel-ruelcker.de\/home\/wp-json\/wp\/v2\/pages\/516\/revisions\/1417"}],"wp:attachment":[{"href":"https:\/\/hempel-ruelcker.de\/home\/wp-json\/wp\/v2\/media?parent=516"}],"curies":[{"name":"wp","href":"https:\/\/api.w.org\/{rel}","templated":true}]}}