{"id":517,"date":"2018-02-06T17:18:46","date_gmt":"2018-02-06T17:18:46","guid":{"rendered":"http:\/\/hur.bardoux-online.de\/kontakt\/anfahrt"},"modified":"2020-12-16T16:59:10","modified_gmt":"2020-12-16T15:59:10","slug":"anfahrt","status":"publish","type":"page","link":"https:\/\/hempel-ruelcker.de\/home\/kontakt\/anfahrt\/","title":{"rendered":"Anfahrt"},"content":{"rendered":"\n<p>hempel + r\u00fclcker<br>Gesellschaft f\u00fcr elektronische Klimaregelsysteme mbH<\/p>\n\n\n\n<p>An der Prie\u00dfnitzaue 10<br>D- 01328 Dresden<\/p>\n\n\n\n<p>Telefon: 0351 \/ 27176-0<br>Telefax: 0351 \/ 27176-50<\/p>\n\n\n\n<p>Email:&nbsp;<a>info@hempel-ruelcker.de<\/a><\/p>\n\n\n\n<p><iframe loading=\"lazy\" src=\"http:\/\/maps.google.de\/maps?f=q&amp;source=s_q&amp;hl=de&amp;geocode=&amp;q=An%20der%20Prie%C3%9Fnitzaue%2010,%2001328%20Dresden&amp;aq=&amp;sll=51.07154957611012,13.891806365051252&amp;sspn=51.07154957611012,13.891806365051252&amp;ie=UTF8&amp;hq=&amp;hnear=An%20der%20Prie%C3%9Fnitzaue%2010,%2001328%20Dresden&amp;ll=51.07154957611012,13.891806365051252&amp;spn=51.07154957611012,13.891806365051252&amp;z=15&amp;iwloc=A&amp;output=embed\" width=\"450\" height=\"352\" frameborder=\"0\" marginwidth=\"0\" marginheight=\"0\" scrolling=\"no\" data-mce-fragment=\"1\"><\/iframe><br><small><a href=\"http:\/\/maps.google.de\/maps?f=q&amp;source=embed&amp;hl=de&amp;geocode=&amp;q=An%20der%20Prie%C3%9Fnitzaue%2010,%2001328%20Dresden&amp;aq=&amp;sll=51.07154957611012,13.891806365051252&amp;sspn=51.07154957611012,13.891806365051252&amp;ie=UTF8&amp;hq=&amp;hnear=An%20der%20Prie%C3%9Fnitzaue%2010,%2001328%20Dresden&amp;ll=51.033564,13.77541&amp;spn=0.018892,0.036478&amp;z=15&amp;iwloc=A\">Gr\u00f6\u00dfere Kartenansicht<\/a><\/small><\/p>\n","protected":false},"excerpt":{"rendered":"<p>hempel + r\u00fclckerGesellschaft f\u00fcr elektronische Klimaregelsysteme mbH An der Prie\u00dfnitzaue 10D- 01328 Dresden Telefon: 0351 \/ 27176-0Telefax: 0351 \/ 27176-50 Email:&nbsp;info@hempel-ruelcker.de Gr\u00f6\u00dfere Kartenansicht<\/p>\n","protected":false},"author":1,"featured_media":0,"parent":516,"menu_order":22,"comment_status":"closed","ping_status":"closed","template":"","meta":{"ngg_post_thumbnail":0},"_links":{"self":[{"href":"https:\/\/hempel-ruelcker.de\/home\/wp-json\/wp\/v2\/pages\/517"}],"collection":[{"href":"https:\/\/hempel-ruelcker.de\/home\/wp-json\/wp\/v2\/pages"}],"about":[{"href":"https:\/\/hempel-ruelcker.de\/home\/wp-json\/wp\/v2\/types\/page"}],"author":[{"embeddable":true,"href":"https:\/\/hempel-ruelcker.de\/home\/wp-json\/wp\/v2\/users\/1"}],"replies":[{"embeddable":true,"href":"https:\/\/hempel-ruelcker.de\/home\/wp-json\/wp\/v2\/comments?post=517"}],"version-history":[{"count":5,"href":"https:\/\/hempel-ruelcker.de\/home\/wp-json\/wp\/v2\/pages\/517\/revisions"}],"predecessor-version":[{"id":1398,"href":"https:\/\/hempel-ruelcker.de\/home\/wp-json\/wp\/v2\/pages\/517\/revisions\/1398"}],"up":[{"embeddable":true,"href":"https:\/\/hempel-ruelcker.de\/home\/wp-json\/wp\/v2\/pages\/516"}],"wp:attachment":[{"href":"https:\/\/hempel-ruelcker.de\/home\/wp-json\/wp\/v2\/media?parent=517"}],"curies":[{"name":"wp","href":"https:\/\/api.w.org\/{rel}","templated":true}]}}