{"id":518,"date":"2018-02-06T17:18:47","date_gmt":"2018-02-06T17:18:47","guid":{"rendered":"http:\/\/hur.bardoux-online.de\/kontakt\/impressum"},"modified":"2020-12-16T17:00:33","modified_gmt":"2020-12-16T16:00:33","slug":"impressum","status":"publish","type":"page","link":"https:\/\/hempel-ruelcker.de\/home\/kontakt\/impressum\/","title":{"rendered":"Impressum"},"content":{"rendered":"\n<p class=\"has-text-align-left\">hempel + r\u00fclcker<br>Gesellschaft f\u00fcr elektronische Klimaregelsysteme mbH<\/p>\n\n\n\n<p class=\"has-text-align-left\">An der Prie\u00dfnitzaue 10<br>D- 01328 Dresden<\/p>\n\n\n\n<p class=\"has-text-align-left\">Telefon: 0351 \/ 27176-0<br>Telefax: 0351 \/ 27176-50<\/p>\n\n\n\n<p class=\"has-text-align-left\">www.hempel-ruelcker.de<br><a>info(at)hempel-ruelcker.de<\/a><\/p>\n\n\n\n<p class=\"has-text-align-left\">Gesch\u00e4ftsf\u00fchrer:<br>Ekkehardt R\u00fclcker<\/p>\n\n\n\n<p class=\"has-text-align-left\">Registergericht:<br>Handelsregister Dresden HRB 1733<\/p>\n\n\n\n<p class=\"has-text-align-left\">UstIdNr:<br>DE140297112<\/p>\n\n\n\n<p class=\"has-text-align-left\">Steuernummer:<br>202\/110\/04909 beim FA DD II<\/p>\n\n\n\n<h2 class=\"has-text-align-left\">Rechtshinweis:<\/h2>\n\n\n\n<p class=\"has-text-align-left\">Die hempel + r\u00fclcker Gesellschaft f\u00fcr elektronische Klimaregelsysteme mbH pr\u00fcft und aktualisiert die Informationen auf ihren Webseiten st\u00e4ndig. Trotz aller Sorgfalt k\u00f6nnen sich die Daten inzwischen ver\u00e4ndert haben. Eine Haftung oder Garantie f\u00fcr die Aktualit\u00e4t, Richtigkeit und Vollst\u00e4ndigkeit der zur Verf\u00fcgung gestellten Informationen kann daher nicht \u00fcbernommen werden. Gleiches gilt auch f\u00fcr alle anderen Websites auf die mittels Hyperlinks verwiesen wird. Die hempel + r\u00fclcker<br>Gesellschaft f\u00fcr elektronische Klimaregelsysteme mbH ist f\u00fcr den Inhalt der Websites, die aufgrund einer solchen Verbindung erreicht werden, nicht verantwortlich. Des Weiteren beh\u00e4lt sich die hempel + r\u00fclcker Gesellschaft f\u00fcr elektronische Klimaregelsysteme mbH das Recht vor, \u00c4nderungen oder Erg\u00e4nzungen der bereitgestellten Informationen vorzunehmen. Inhalt und Struktur der Websites der hempel + r\u00fclcker Gesellschaft f\u00fcr elektronische Klimaregelsysteme mbH sind urheberrechtlich gesch\u00fctzt. Die Vervielf\u00e4ltigung von Informationen oder Daten, insbesondere die Verwendung von Texten, Textteilen oder Bildmaterial bedarf der vorherigen Zustimmung der hempel + r\u00fclcker Gesellschaft f\u00fcr elektronische Klimaregelsysteme mbH.<\/p>\n","protected":false},"excerpt":{"rendered":"<p>hempel + r\u00fclckerGesellschaft f\u00fcr elektronische Klimaregelsysteme mbH An der Prie\u00dfnitzaue 10D- 01328 Dresden Telefon: 0351 \/ 27176-0Telefax: 0351 \/ 27176-50 www.hempel-ruelcker.deinfo(at)hempel-ruelcker.de Gesch\u00e4ftsf\u00fchrer:Ekkehardt R\u00fclcker Registergericht:Handelsregister Dresden HRB 1733 UstIdNr:DE140297112 Steuernummer:202\/110\/04909 beim FA DD II Rechtshinweis: Die hempel + r\u00fclcker Gesellschaft f\u00fcr elektronische Klimaregelsysteme mbH pr\u00fcft und aktualisiert die Informationen auf ihren Webseiten st\u00e4ndig. Trotz aller Sorgfalt [&hellip;]<\/p>\n","protected":false},"author":1,"featured_media":0,"parent":516,"menu_order":23,"comment_status":"closed","ping_status":"closed","template":"","meta":{"ngg_post_thumbnail":0},"_links":{"self":[{"href":"https:\/\/hempel-ruelcker.de\/home\/wp-json\/wp\/v2\/pages\/518"}],"collection":[{"href":"https:\/\/hempel-ruelcker.de\/home\/wp-json\/wp\/v2\/pages"}],"about":[{"href":"https:\/\/hempel-ruelcker.de\/home\/wp-json\/wp\/v2\/types\/page"}],"author":[{"embeddable":true,"href":"https:\/\/hempel-ruelcker.de\/home\/wp-json\/wp\/v2\/users\/1"}],"replies":[{"embeddable":true,"href":"https:\/\/hempel-ruelcker.de\/home\/wp-json\/wp\/v2\/comments?post=518"}],"version-history":[{"count":4,"href":"https:\/\/hempel-ruelcker.de\/home\/wp-json\/wp\/v2\/pages\/518\/revisions"}],"predecessor-version":[{"id":1396,"href":"https:\/\/hempel-ruelcker.de\/home\/wp-json\/wp\/v2\/pages\/518\/revisions\/1396"}],"up":[{"embeddable":true,"href":"https:\/\/hempel-ruelcker.de\/home\/wp-json\/wp\/v2\/pages\/516"}],"wp:attachment":[{"href":"https:\/\/hempel-ruelcker.de\/home\/wp-json\/wp\/v2\/media?parent=518"}],"curies":[{"name":"wp","href":"https:\/\/api.w.org\/{rel}","templated":true}]}}