{"id":519,"date":"2018-02-06T17:18:48","date_gmt":"2018-02-06T17:18:48","guid":{"rendered":"http:\/\/hur.bardoux-online.de\/kontakt\/sitemap"},"modified":"2020-12-16T17:00:58","modified_gmt":"2020-12-16T16:00:58","slug":"sitemap","status":"publish","type":"page","link":"https:\/\/hempel-ruelcker.de\/home\/kontakt\/sitemap\/","title":{"rendered":"Sitemap"},"content":{"rendered":"\n<div class=\"is-layout-flex wp-container-4 wp-block-columns are-vertically-aligned-top\">\n<div class=\"is-layout-flow wp-block-column is-vertically-aligned-top\">\n<ul><li>Home<ul><li>Firma<\/li><li>Geschichte<\/li><li>Ansprechpartner<\/li><li>Stellenangebote<\/li><\/ul><\/li><li>Leistungen<\/li><li>Referenzen<ul><li>Geb\u00e4ude<\/li><li>Gew\u00e4chsh\u00e4user<\/li><li>Sonderanlagen<\/li><li>Bauvorhaben<\/li><\/ul><\/li><li>Zertifikate<\/li><li>Kontakt<ul><li>Anfahrt<\/li><li>Impressum<\/li><li>Sitemap<\/li><\/ul><\/li><\/ul>\n<\/div>\n\n\n\n<div class=\"is-layout-flow wp-block-column is-vertically-aligned-top\"><\/div>\n\n\n\n<div class=\"is-layout-flow wp-block-column is-vertically-aligned-top\"><\/div>\n<\/div>\n\n\n\n<p><\/p>\n","protected":false},"excerpt":{"rendered":"<p>Home Firma Geschichte Ansprechpartner Stellenangebote Leistungen Referenzen Geb\u00e4ude Gew\u00e4chsh\u00e4user Sonderanlagen Bauvorhaben Zertifikate Kontakt Anfahrt Impressum Sitemap<\/p>\n","protected":false},"author":1,"featured_media":0,"parent":516,"menu_order":24,"comment_status":"closed","ping_status":"closed","template":"","meta":{"ngg_post_thumbnail":0},"_links":{"self":[{"href":"https:\/\/hempel-ruelcker.de\/home\/wp-json\/wp\/v2\/pages\/519"}],"collection":[{"href":"https:\/\/hempel-ruelcker.de\/home\/wp-json\/wp\/v2\/pages"}],"about":[{"href":"https:\/\/hempel-ruelcker.de\/home\/wp-json\/wp\/v2\/types\/page"}],"author":[{"embeddable":true,"href":"https:\/\/hempel-ruelcker.de\/home\/wp-json\/wp\/v2\/users\/1"}],"replies":[{"embeddable":true,"href":"https:\/\/hempel-ruelcker.de\/home\/wp-json\/wp\/v2\/comments?post=519"}],"version-history":[{"count":5,"href":"https:\/\/hempel-ruelcker.de\/home\/wp-json\/wp\/v2\/pages\/519\/revisions"}],"predecessor-version":[{"id":1405,"href":"https:\/\/hempel-ruelcker.de\/home\/wp-json\/wp\/v2\/pages\/519\/revisions\/1405"}],"up":[{"embeddable":true,"href":"https:\/\/hempel-ruelcker.de\/home\/wp-json\/wp\/v2\/pages\/516"}],"wp:attachment":[{"href":"https:\/\/hempel-ruelcker.de\/home\/wp-json\/wp\/v2\/media?parent=519"}],"curies":[{"name":"wp","href":"https:\/\/api.w.org\/{rel}","templated":true}]}}